{"id":44,"date":"2021-03-15T20:41:35","date_gmt":"2021-03-15T20:41:35","guid":{"rendered":"https:\/\/dr-fraschka.de\/?page_id=44"},"modified":"2022-08-18T20:21:53","modified_gmt":"2022-08-18T20:21:53","slug":"impressum","status":"publish","type":"page","link":"https:\/\/dr-fraschka.de\/?page_id=44","title":{"rendered":"Impressum"},"content":{"rendered":"\n<h2 class=\"wp-block-heading\">Diensteanbieterin (inhaltlich Verantwortliche gem. \u00a7 5 Telemediengesetz) <\/h2>\n\n\n\n<p><strong>Dr. med. dent. Christin Fraschka<\/strong><br>Gartenweg 38\/1<br>74821 Mosbach<br>Tel.: 06261 17100<br>E-Mail: <a href=\"mailto:info@dr-fraschka.de\">info@dr-fraschka.de<\/a><\/p>\n\n\n\n<h2 class=\"wp-block-heading\">Berufsbezeichnung<\/h2>\n\n\n\n<p>Zahn\u00e4rztin (Berufsbezeichnung verliehen in der Bundesrepublik Deutschland)<\/p>\n\n\n\n<h2 class=\"wp-block-heading\">Zust\u00e4ndige Kammer<\/h2>\n\n\n\n<p><strong>Landeszahn\u00e4rztekammer Baden-W\u00fcrttemberg<\/strong><br>Albstadtweg 9<br>70567 Stuttgart<br>Tel.: 0711 228450<br><a href=\"https:\/\/www.lzk-bw.de\/\">https:\/\/www.lzk-bw.de\/<\/a><\/p>\n\n\n\n<h2 class=\"wp-block-heading\">Zust\u00e4ndige Aufsichtsbeh\u00f6rde<\/h2>\n\n\n\n<p><strong>Kassenzahn\u00e4rztliche Vereinigung Baden-W\u00fcrttemberg<\/strong><br>Albstadtweg 9<br>70567 Stuttgart<br>Tel.: 0711 78770<br><a href=\"https:\/\/www.kzvbw.de\/site\/\">https:\/\/www.kzvbw.de\/site\/<\/a><\/p>\n\n\n\n<h2 class=\"wp-block-heading\">Berufsrechtliche Regelungen:<\/h2>\n\n\n\n<ul class=\"wp-block-list\"><li><a rel=\"noreferrer noopener\" href=\"http:\/\/www.lauxzahnheilkunde.de\/assets\/upload\/Download\/Berufsordnung-2.doc\" target=\"_blank\">Berufsordnung f\u00fcr die Zahn\u00e4rzte&nbsp;Baden-W\u00fcrttemberg<\/a><\/li><li><a rel=\"noreferrer noopener\" href=\"http:\/\/www.ltk-bw.de\/tl_files\/LaTiKa\/PDF\/GesuSatzDetails\/HeilberufeKammergesetz.pdf\" target=\"_blank\">Heilberufe-Kammergesetz<\/a><\/li><li><a rel=\"noreferrer noopener\" href=\"http:\/\/www.gesetze-im-internet.de\/bundesrecht\/zhg\/gesamt.pdf\" target=\"_blank\">Zahnheilkundegesetz<\/a><\/li><li><a rel=\"noreferrer noopener\" href=\"http:\/\/www.bzaek.de\/fuer-zahnaerzte\/gebuehrenordnung-fuer-zahnaerzte-goz.html\" target=\"_blank\">Geb\u00fchrenordnung f\u00fcr Zahn\u00e4rzte<\/a><\/li><\/ul>\n\n\n\n<p>Diese k\u00f6nnen auf den oben angegebenen Internetseiten der Kammern in Ihrer jeweils aktuellen Fassung eingesehen werden.<\/p>\n","protected":false},"excerpt":{"rendered":"<p>Diensteanbieterin (inhaltlich Verantwortliche gem. \u00a7 5 Telemediengesetz) Dr. med. dent. Christin FraschkaGartenweg 38\/174821 MosbachTel.: 06261 17100E-Mail: info@dr-fraschka.de Berufsbezeichnung Zahn\u00e4rztin (Berufsbezeichnung verliehen in der Bundesrepublik Deutschland) Zust\u00e4ndige Kammer Landeszahn\u00e4rztekammer Baden-W\u00fcrttembergAlbstadtweg 970567 StuttgartTel.: 0711 228450https:\/\/www.lzk-bw.de\/ Zust\u00e4ndige Aufsichtsbeh\u00f6rde Kassenzahn\u00e4rztliche Vereinigung Baden-W\u00fcrttembergAlbstadtweg 970567 StuttgartTel.: 0711 78770https:\/\/www.kzvbw.de\/site\/ Berufsrechtliche Regelungen: Berufsordnung f\u00fcr die Zahn\u00e4rzte&nbsp;Baden-W\u00fcrttemberg Heilberufe-Kammergesetz Zahnheilkundegesetz Geb\u00fchrenordnung f\u00fcr Zahn\u00e4rzte Diese k\u00f6nnen &hellip; <\/p>\n<p class=\"link-more\"><a href=\"https:\/\/dr-fraschka.de\/?page_id=44\" class=\"more-link\"><span class=\"screen-reader-text\">\u201eImpressum\u201c <\/span>weiterlesen<\/a><\/p>\n","protected":false},"author":1,"featured_media":0,"parent":0,"menu_order":0,"comment_status":"closed","ping_status":"closed","template":"","meta":{"footnotes":""},"class_list":["post-44","page","type-page","status-publish","hentry"],"_links":{"self":[{"href":"https:\/\/dr-fraschka.de\/index.php?rest_route=\/wp\/v2\/pages\/44","targetHints":{"allow":["GET"]}}],"collection":[{"href":"https:\/\/dr-fraschka.de\/index.php?rest_route=\/wp\/v2\/pages"}],"about":[{"href":"https:\/\/dr-fraschka.de\/index.php?rest_route=\/wp\/v2\/types\/page"}],"author":[{"embeddable":true,"href":"https:\/\/dr-fraschka.de\/index.php?rest_route=\/wp\/v2\/users\/1"}],"replies":[{"embeddable":true,"href":"https:\/\/dr-fraschka.de\/index.php?rest_route=%2Fwp%2Fv2%2Fcomments&post=44"}],"version-history":[{"count":6,"href":"https:\/\/dr-fraschka.de\/index.php?rest_route=\/wp\/v2\/pages\/44\/revisions"}],"predecessor-version":[{"id":63,"href":"https:\/\/dr-fraschka.de\/index.php?rest_route=\/wp\/v2\/pages\/44\/revisions\/63"}],"wp:attachment":[{"href":"https:\/\/dr-fraschka.de\/index.php?rest_route=%2Fwp%2Fv2%2Fmedia&parent=44"}],"curies":[{"name":"wp","href":"https:\/\/api.w.org\/{rel}","templated":true}]}}