{"id":4,"date":"2019-12-15T06:01:51","date_gmt":"2019-12-15T06:01:51","guid":{"rendered":"http:\/\/dr-fraschka.de\/?page_id=4"},"modified":"2024-10-04T12:34:36","modified_gmt":"2024-10-04T12:34:36","slug":"dr-christin-fraschka","status":"publish","type":"page","link":"https:\/\/dr-fraschka.de\/","title":{"rendered":""},"content":{"rendered":"\n<figure class=\"wp-block-image size-large\"><img loading=\"lazy\" decoding=\"async\" width=\"822\" height=\"454\" src=\"https:\/\/dr-fraschka.de\/wp-content\/uploads\/2019\/12\/2019-12-Logo-Fraschka.png\" alt=\"\" class=\"wp-image-29\" srcset=\"https:\/\/dr-fraschka.de\/wp-content\/uploads\/2019\/12\/2019-12-Logo-Fraschka.png 822w, https:\/\/dr-fraschka.de\/wp-content\/uploads\/2019\/12\/2019-12-Logo-Fraschka-300x166.png 300w, https:\/\/dr-fraschka.de\/wp-content\/uploads\/2019\/12\/2019-12-Logo-Fraschka-768x424.png 768w\" sizes=\"auto, (max-width: 767px) 89vw, (max-width: 1000px) 54vw, (max-width: 1071px) 543px, 580px\" \/><\/figure>\n\n\n\n<p>Liebe Patientinnen und Patienten,<br><br>mein Team und ich freuen uns sehr darauf, Sie in unseren neu renovierten R\u00e4umlichkeiten begr\u00fc\u00dfen zu d\u00fcrfen. Bei uns erwartet Sie zu jeder Zeit ein freundlicher und menschlicher Umgang. Zur Behandlung auf Grundlage modernster diagnostischer Verfahren ist es f\u00fcr uns selbstverst\u00e4ndlich, dass wir auf Ihre individuellen Bed\u00fcrfnisse eingehen und uns ausreichend Zeit nehmen, um Sie zu beraten. \u201eWie w\u00fcrden wir gerne bei unserem Zahnarzt behandelt werden? \u2013 diese Frage steht bei uns im Mittelpunkt und leitet mein Team und mich bei all unserem Tun.<\/p>\n\n\n\n<p>Wir freuen uns darauf, Sie kennenzulernen. Rufen Sie uns einfach unter der 06261 17100 an und vereinbaren Sie einen Termin! Wir sind f\u00fcr Sie da.<br><br><\/p>\n\n\n\n<p>Dr. Christin Fraschka<br>und das Praxis-Team<\/p>\n","protected":false},"excerpt":{"rendered":"<p>Liebe Patientinnen und Patienten, mein Team und ich freuen uns sehr darauf, Sie in unseren neu renovierten R\u00e4umlichkeiten begr\u00fc\u00dfen zu d\u00fcrfen. Bei uns erwartet Sie zu jeder Zeit ein freundlicher und menschlicher Umgang. Zur Behandlung auf Grundlage modernster diagnostischer Verfahren ist es f\u00fcr uns selbstverst\u00e4ndlich, dass wir auf Ihre individuellen Bed\u00fcrfnisse eingehen und uns ausreichend &hellip; <\/p>\n<p class=\"link-more\"><a href=\"https:\/\/dr-fraschka.de\/\" class=\"more-link\"><span class=\"screen-reader-text\">\u201e\u201c <\/span>weiterlesen<\/a><\/p>\n","protected":false},"author":1,"featured_media":40,"parent":0,"menu_order":0,"comment_status":"closed","ping_status":"closed","template":"","meta":{"footnotes":""},"class_list":["post-4","page","type-page","status-publish","has-post-thumbnail","hentry"],"_links":{"self":[{"href":"https:\/\/dr-fraschka.de\/index.php?rest_route=\/wp\/v2\/pages\/4","targetHints":{"allow":["GET"]}}],"collection":[{"href":"https:\/\/dr-fraschka.de\/index.php?rest_route=\/wp\/v2\/pages"}],"about":[{"href":"https:\/\/dr-fraschka.de\/index.php?rest_route=\/wp\/v2\/types\/page"}],"author":[{"embeddable":true,"href":"https:\/\/dr-fraschka.de\/index.php?rest_route=\/wp\/v2\/users\/1"}],"replies":[{"embeddable":true,"href":"https:\/\/dr-fraschka.de\/index.php?rest_route=%2Fwp%2Fv2%2Fcomments&post=4"}],"version-history":[{"count":9,"href":"https:\/\/dr-fraschka.de\/index.php?rest_route=\/wp\/v2\/pages\/4\/revisions"}],"predecessor-version":[{"id":65,"href":"https:\/\/dr-fraschka.de\/index.php?rest_route=\/wp\/v2\/pages\/4\/revisions\/65"}],"wp:featuredmedia":[{"embeddable":true,"href":"https:\/\/dr-fraschka.de\/index.php?rest_route=\/wp\/v2\/media\/40"}],"wp:attachment":[{"href":"https:\/\/dr-fraschka.de\/index.php?rest_route=%2Fwp%2Fv2%2Fmedia&parent=4"}],"curies":[{"name":"wp","href":"https:\/\/api.w.org\/{rel}","templated":true}]}}